{"id":596,"date":"2021-09-27T20:19:10","date_gmt":"2021-09-27T18:19:10","guid":{"rendered":"https:\/\/alarna.de\/?page_id=596"},"modified":"2021-09-27T20:19:10","modified_gmt":"2021-09-27T18:19:10","slug":"spenden-sie-bitte-fuer-unseren-fuchs","status":"publish","type":"page","link":"https:\/\/alarna.de\/index.php\/spenden-sie-bitte-fuer-unseren-fuchs\/","title":{"rendered":"Spenden Sie bitte f\u00fcr unseren Fuchs"},"content":{"rendered":"\n<p>Ich bin ein Tierfreund und das macht nicht bei Haustieren halt, ich liebe auch Wildtiere und tue mein M\u00f6glichstes, um ihnen zu helfen.<\/p>\n\n\n\n<p>Seien es Wildblumen und Kr\u00e4uter f\u00fcr Insekten, Sch\u00e4lchen mit Katzenfutter im Herbst f\u00fcr die Igel, selbst gemachte Kn\u00f6del f\u00fcr V\u00f6gel im Winter &#8211; von Vogelh\u00e4uschen, Teich etc. ganz zu schweigen.<\/p>\n\n\n\n<p>Seit einigen Jahren ziehe ich im Fr\u00fchjahr Fuchswelpen gro\u00df, die aus den ein oder anderen Gr\u00fcnden ihre Mutter verloren haben oder deren Mutter sie verlassen hat. Das kann passieren, wenn die Kleinen krank sind und die Mutter sie als verloren ansieht.<\/p>\n\n\n\n<p>Ich bem\u00fche mich seit Jahren um eine beh\u00f6rdliche Genehmigung, die ich jedoch nur erhalten, wenn wir einen fuchssicheren Zwinger bauen. Fuchssicher ist h\u00e4rter als ausbruchssicher f\u00fcr Hunde.<\/p>\n\n\n\n<p>Dieses Jahr haben wir einen Fuchs, der durch einen Unfall sein linkes Auge verlor bzw. es musste ihm operativ entfernt werden. Damit wir ihn weiter versorgen k\u00f6nnen und nicht die J\u00e4gerschaft kommt und ihn &#8222;entnimmt&#8220;, weil ein ein\u00e4ugiger Fuchs ja nicht lebenswert ist, sammeln wir auf diesem Wege Spenden, um den Zwinger bauen zu k\u00f6nnen.<\/p>\n\n\n\n<p>Unser Kr\u00fcmelchen ist frech, aufgeweckt, er kann jagen, er ist lebensfroh, er ist in keiner Weise eingeschr\u00e4nkt. Er liebt unsere Hunde, hat vor anderen Hunden Angst. Mit Katzen hat er einen Waffenstillstand, fremde Menschen machen ihm so richtig Angst.<\/p>\n\n\n\n<p>Wir haben uns bem\u00fcht, ihn Wildtier sein zu lassen, obwohl wir ihn mit der Flasche gro\u00df gezogen haben und er an uns gew\u00f6hnt ist, hat er dennoch sein Wildtierverhalten bekommen.<\/p>\n\n\n\n<p>Wenn wir den Zwinger bauen k\u00f6nnen, sind wir auch in den n\u00e4chsten Jahren in der Lage anderen Fuchswelpen zu helfen.<\/p>\n\n\n\n<p>An dieser Stelle schon einmal ein dickes Danke!<\/p>\n\n\n\n<pre class=\"wp-block-code\"><code>\n<\/code><\/pre>\n\n\n\n<form action=\"https:\/\/www.paypal.com\/donate\" method=\"post\" target=\"_top\">\n<input type=\"hidden\" name=\"hosted_button_id\" value=\"XANADYPRF7FNN\">\n<input type=\"image\" src=\"https:\/\/www.paypalobjects.com\/de_DE\/DE\/i\/btn\/btn_donateCC_LG.gif\" border=\"0\" name=\"submit\" title=\"PayPal - The safer, easier way to pay online!\" alt=\"Donate with PayPal button\">\n<img loading=\"lazy\" decoding=\"async\" alt=\"\" border=\"0\" src=\"https:\/\/www.paypal.com\/de_DE\/i\/scr\/pixel.gif\" width=\"1\" height=\"1\">\n<\/form>\n","protected":false},"excerpt":{"rendered":"<p>Ich bin ein Tierfreund und das macht nicht bei Haustieren halt, ich liebe auch Wildtiere und tue mein M\u00f6glichstes, um ihnen zu helfen. Seien es Wildblumen und Kr\u00e4uter f\u00fcr Insekten, Sch\u00e4lchen mit Katzenfutter im Herbst f\u00fcr die Igel, selbst gemachte Kn\u00f6del f\u00fcr V\u00f6gel im Winter &#8211; von Vogelh\u00e4uschen, Teich etc. ganz zu schweigen. Seit einigen &hellip; <\/p>\n<p class=\"link-more\"><a href=\"https:\/\/alarna.de\/index.php\/spenden-sie-bitte-fuer-unseren-fuchs\/\" class=\"more-link\"><span class=\"screen-reader-text\">\u201eSpenden Sie bitte f\u00fcr unseren Fuchs\u201c <\/span>weiterlesen<\/a><\/p>\n","protected":false},"author":1,"featured_media":0,"parent":0,"menu_order":0,"comment_status":"closed","ping_status":"closed","template":"","meta":{"footnotes":""},"class_list":["post-596","page","type-page","status-publish","hentry"],"yoast_head":"<!-- This site is optimized with the Yoast SEO plugin v27.4 - https:\/\/yoast.com\/product\/yoast-seo-wordpress\/ -->\n<title>Spenden Sie bitte f\u00fcr unseren Fuchs - Alarnas Welt<\/title>\n<meta name=\"robots\" content=\"index, follow, max-snippet:-1, max-image-preview:large, max-video-preview:-1\" \/>\n<link rel=\"canonical\" href=\"https:\/\/alarna.de\/index.php\/spenden-sie-bitte-fuer-unseren-fuchs\/\" \/>\n<meta property=\"og:locale\" content=\"de_DE\" \/>\n<meta property=\"og:type\" content=\"article\" \/>\n<meta property=\"og:title\" content=\"Spenden Sie bitte f\u00fcr unseren Fuchs - Alarnas Welt\" \/>\n<meta property=\"og:description\" content=\"Ich bin ein Tierfreund und das macht nicht bei Haustieren halt, ich liebe auch Wildtiere und tue mein M\u00f6glichstes, um ihnen zu helfen. Seien es Wildblumen und Kr\u00e4uter f\u00fcr Insekten, Sch\u00e4lchen mit Katzenfutter im Herbst f\u00fcr die Igel, selbst gemachte Kn\u00f6del f\u00fcr V\u00f6gel im Winter &#8211; von Vogelh\u00e4uschen, Teich etc. ganz zu schweigen. Seit einigen &hellip; \u201eSpenden Sie bitte f\u00fcr unseren Fuchs\u201c weiterlesen\" \/>\n<meta property=\"og:url\" content=\"https:\/\/alarna.de\/index.php\/spenden-sie-bitte-fuer-unseren-fuchs\/\" \/>\n<meta property=\"og:site_name\" content=\"Alarnas Welt\" \/>\n<meta property=\"og:image\" content=\"https:\/\/www.paypal.com\/de_DE\/i\/scr\/pixel.gif\" \/>\n<meta name=\"twitter:card\" content=\"summary_large_image\" \/>\n<meta name=\"twitter:label1\" content=\"Gesch\u00e4tzte Lesezeit\" \/>\n\t<meta name=\"twitter:data1\" content=\"1\u00a0Minute\" \/>\n<script type=\"application\/ld+json\" class=\"yoast-schema-graph\">{\"@context\":\"https:\\\/\\\/schema.org\",\"@graph\":[{\"@type\":\"WebPage\",\"@id\":\"https:\\\/\\\/alarna.de\\\/index.php\\\/spenden-sie-bitte-fuer-unseren-fuchs\\\/\",\"url\":\"https:\\\/\\\/alarna.de\\\/index.php\\\/spenden-sie-bitte-fuer-unseren-fuchs\\\/\",\"name\":\"Spenden Sie bitte f\u00fcr unseren Fuchs - Alarnas Welt\",\"isPartOf\":{\"@id\":\"https:\\\/\\\/alarna.de\\\/#website\"},\"primaryImageOfPage\":{\"@id\":\"https:\\\/\\\/alarna.de\\\/index.php\\\/spenden-sie-bitte-fuer-unseren-fuchs\\\/#primaryimage\"},\"image\":{\"@id\":\"https:\\\/\\\/alarna.de\\\/index.php\\\/spenden-sie-bitte-fuer-unseren-fuchs\\\/#primaryimage\"},\"thumbnailUrl\":\"https:\\\/\\\/www.paypal.com\\\/de_DE\\\/i\\\/scr\\\/pixel.gif\",\"datePublished\":\"2021-09-27T18:19:10+00:00\",\"breadcrumb\":{\"@id\":\"https:\\\/\\\/alarna.de\\\/index.php\\\/spenden-sie-bitte-fuer-unseren-fuchs\\\/#breadcrumb\"},\"inLanguage\":\"de\",\"potentialAction\":[{\"@type\":\"ReadAction\",\"target\":[\"https:\\\/\\\/alarna.de\\\/index.php\\\/spenden-sie-bitte-fuer-unseren-fuchs\\\/\"]}]},{\"@type\":\"ImageObject\",\"inLanguage\":\"de\",\"@id\":\"https:\\\/\\\/alarna.de\\\/index.php\\\/spenden-sie-bitte-fuer-unseren-fuchs\\\/#primaryimage\",\"url\":\"https:\\\/\\\/www.paypal.com\\\/de_DE\\\/i\\\/scr\\\/pixel.gif\",\"contentUrl\":\"https:\\\/\\\/www.paypal.com\\\/de_DE\\\/i\\\/scr\\\/pixel.gif\"},{\"@type\":\"BreadcrumbList\",\"@id\":\"https:\\\/\\\/alarna.de\\\/index.php\\\/spenden-sie-bitte-fuer-unseren-fuchs\\\/#breadcrumb\",\"itemListElement\":[{\"@type\":\"ListItem\",\"position\":1,\"name\":\"Startseite\",\"item\":\"https:\\\/\\\/alarna.de\\\/\"},{\"@type\":\"ListItem\",\"position\":2,\"name\":\"Spenden Sie bitte f\u00fcr unseren Fuchs\"}]},{\"@type\":\"WebSite\",\"@id\":\"https:\\\/\\\/alarna.de\\\/#website\",\"url\":\"https:\\\/\\\/alarna.de\\\/\",\"name\":\"Alarnas Welt\",\"description\":\"Tierisch viel los\",\"potentialAction\":[{\"@type\":\"SearchAction\",\"target\":{\"@type\":\"EntryPoint\",\"urlTemplate\":\"https:\\\/\\\/alarna.de\\\/?s={search_term_string}\"},\"query-input\":{\"@type\":\"PropertyValueSpecification\",\"valueRequired\":true,\"valueName\":\"search_term_string\"}}],\"inLanguage\":\"de\"}]}<\/script>\n<!-- \/ Yoast SEO plugin. -->","yoast_head_json":{"title":"Spenden Sie bitte f\u00fcr unseren Fuchs - Alarnas Welt","robots":{"index":"index","follow":"follow","max-snippet":"max-snippet:-1","max-image-preview":"max-image-preview:large","max-video-preview":"max-video-preview:-1"},"canonical":"https:\/\/alarna.de\/index.php\/spenden-sie-bitte-fuer-unseren-fuchs\/","og_locale":"de_DE","og_type":"article","og_title":"Spenden Sie bitte f\u00fcr unseren Fuchs - Alarnas Welt","og_description":"Ich bin ein Tierfreund und das macht nicht bei Haustieren halt, ich liebe auch Wildtiere und tue mein M\u00f6glichstes, um ihnen zu helfen. Seien es Wildblumen und Kr\u00e4uter f\u00fcr Insekten, Sch\u00e4lchen mit Katzenfutter im Herbst f\u00fcr die Igel, selbst gemachte Kn\u00f6del f\u00fcr V\u00f6gel im Winter &#8211; von Vogelh\u00e4uschen, Teich etc. ganz zu schweigen. Seit einigen &hellip; \u201eSpenden Sie bitte f\u00fcr unseren Fuchs\u201c weiterlesen","og_url":"https:\/\/alarna.de\/index.php\/spenden-sie-bitte-fuer-unseren-fuchs\/","og_site_name":"Alarnas Welt","og_image":[{"url":"https:\/\/www.paypal.com\/de_DE\/i\/scr\/pixel.gif","type":"","width":"","height":""}],"twitter_card":"summary_large_image","twitter_misc":{"Gesch\u00e4tzte Lesezeit":"1\u00a0Minute"},"schema":{"@context":"https:\/\/schema.org","@graph":[{"@type":"WebPage","@id":"https:\/\/alarna.de\/index.php\/spenden-sie-bitte-fuer-unseren-fuchs\/","url":"https:\/\/alarna.de\/index.php\/spenden-sie-bitte-fuer-unseren-fuchs\/","name":"Spenden Sie bitte f\u00fcr unseren Fuchs - Alarnas Welt","isPartOf":{"@id":"https:\/\/alarna.de\/#website"},"primaryImageOfPage":{"@id":"https:\/\/alarna.de\/index.php\/spenden-sie-bitte-fuer-unseren-fuchs\/#primaryimage"},"image":{"@id":"https:\/\/alarna.de\/index.php\/spenden-sie-bitte-fuer-unseren-fuchs\/#primaryimage"},"thumbnailUrl":"https:\/\/www.paypal.com\/de_DE\/i\/scr\/pixel.gif","datePublished":"2021-09-27T18:19:10+00:00","breadcrumb":{"@id":"https:\/\/alarna.de\/index.php\/spenden-sie-bitte-fuer-unseren-fuchs\/#breadcrumb"},"inLanguage":"de","potentialAction":[{"@type":"ReadAction","target":["https:\/\/alarna.de\/index.php\/spenden-sie-bitte-fuer-unseren-fuchs\/"]}]},{"@type":"ImageObject","inLanguage":"de","@id":"https:\/\/alarna.de\/index.php\/spenden-sie-bitte-fuer-unseren-fuchs\/#primaryimage","url":"https:\/\/www.paypal.com\/de_DE\/i\/scr\/pixel.gif","contentUrl":"https:\/\/www.paypal.com\/de_DE\/i\/scr\/pixel.gif"},{"@type":"BreadcrumbList","@id":"https:\/\/alarna.de\/index.php\/spenden-sie-bitte-fuer-unseren-fuchs\/#breadcrumb","itemListElement":[{"@type":"ListItem","position":1,"name":"Startseite","item":"https:\/\/alarna.de\/"},{"@type":"ListItem","position":2,"name":"Spenden Sie bitte f\u00fcr unseren Fuchs"}]},{"@type":"WebSite","@id":"https:\/\/alarna.de\/#website","url":"https:\/\/alarna.de\/","name":"Alarnas Welt","description":"Tierisch viel los","potentialAction":[{"@type":"SearchAction","target":{"@type":"EntryPoint","urlTemplate":"https:\/\/alarna.de\/?s={search_term_string}"},"query-input":{"@type":"PropertyValueSpecification","valueRequired":true,"valueName":"search_term_string"}}],"inLanguage":"de"}]}},"_links":{"self":[{"href":"https:\/\/alarna.de\/index.php\/wp-json\/wp\/v2\/pages\/596","targetHints":{"allow":["GET"]}}],"collection":[{"href":"https:\/\/alarna.de\/index.php\/wp-json\/wp\/v2\/pages"}],"about":[{"href":"https:\/\/alarna.de\/index.php\/wp-json\/wp\/v2\/types\/page"}],"author":[{"embeddable":true,"href":"https:\/\/alarna.de\/index.php\/wp-json\/wp\/v2\/users\/1"}],"replies":[{"embeddable":true,"href":"https:\/\/alarna.de\/index.php\/wp-json\/wp\/v2\/comments?post=596"}],"version-history":[{"count":0,"href":"https:\/\/alarna.de\/index.php\/wp-json\/wp\/v2\/pages\/596\/revisions"}],"wp:attachment":[{"href":"https:\/\/alarna.de\/index.php\/wp-json\/wp\/v2\/media?parent=596"}],"curies":[{"name":"wp","href":"https:\/\/api.w.org\/{rel}","templated":true}]}}